{"id":2,"date":"2023-03-24T15:08:32","date_gmt":"2023-03-24T14:08:32","guid":{"rendered":"http:\/\/bodenseeland6988.apps-1and1.net\/?page_id=2"},"modified":"2025-12-13T19:43:58","modified_gmt":"2025-12-13T18:43:58","slug":"sample-page","status":"publish","type":"page","link":"http:\/\/bodensee.land\/?page_id=2","title":{"rendered":"Neues | Bodensee (See-Infos.de)"},"content":{"rendered":"<h3>Infos unserer Schwesterseite See-Infos.de Bodensee Onlinezeitung<\/h3>\n<p><!-- start feedwind code --><script type=\"text\/javascript\">document.write('\\x3Cscript type=\"text\/javascript\" src=\"' + ('https:' == document.location.protocol ? 'https:\/\/' : 'http:\/\/') + 'feed.mikle.com\/js\/rssmikle.js\">\\x3C\/script>');<\/script><script type=\"text\/javascript\">(function() {var params = {rssmikle_url: \"http:\/\/www.see-infos.de\/?feed=rss2\",rssmikle_frame_width: \"750\",rssmikle_frame_height: \"400\",frame_height_by_article: \"5\",rssmikle_target: \"_blank\",rssmikle_font: \"Arial, Helvetica, sans-serif\",rssmikle_font_size: \"12\",rssmikle_border: \"off\",responsive: \"off\",rssmikle_css_url: \"\",text_align: \"left\",text_align2: \"left\",corner: \"off\",scrollbar: \"on\",autoscroll: \"off\",scrolldirection: \"up\",scrollstep: \"3\",mcspeed: \"20\",sort: \"Off\",rssmikle_title: \"on\",rssmikle_title_sentence: \"See-Infos.de | Nachrichten, Ferienwohnungen und Veranstaltungen am Bodensee.\",rssmikle_title_link: \"http:\/\/www.see-infos.de\",rssmikle_title_bgcolor: \"#000000\",rssmikle_title_color: \"#FFFFFF\",rssmikle_title_bgimage: \"\",rssmikle_item_bgcolor: \"#FFFFFF\",rssmikle_item_bgimage: \"\",rssmikle_item_title_length: \"75\",rssmikle_item_title_color: \"#000000\",rssmikle_item_border_bottom: \"on\",rssmikle_item_description: \"on\",item_link: \"on\",rssmikle_item_description_length: \"700\",rssmikle_item_description_color: \"#666666\",rssmikle_item_date: \"gl1\",rssmikle_timezone: \"Etc\/GMT\",datetime_format: \"%e.%m.%Y %k:%M\",item_description_style: \"text+tn\",item_thumbnail: \"full\",item_thumbnail_selection: \"auto\",article_num: \"15\",rssmikle_item_podcast: \"off\",keyword_inc: \"\",keyword_exc: \"\"};feedwind_show_widget_iframe(params);})();<\/script><\/p>\n<div style=\"font-size: 10px; text-align: center; width: 780px;\"><a style=\"color: #cccccc;\" href=\"http:\/\/feed.mikle.com\/\" target=\"_blank\" rel=\"noopener noreferrer\">RSS Feed Widget<\/a><!--Please display the above link in your web page according to Terms of Service.--><\/div>\n<p><!-- end feedwind code --><\/p>\n<p>Voraussetzung f\u00fcr die Darstellung: Java Script ist aktiviert. Bitte benutzen Sie alternativ den Link zu www.See-Infos.de: <a href=\"http:\/\/www.See-Infos.de\" target=\"_blank\" rel=\"noopener noreferrer\">Hier klicken!<\/a><\/p>\n<figure id=\"attachment_749\" aria-describedby=\"caption-attachment-749\" style=\"width: 800px\" class=\"wp-caption alignleft\"><img loading=\"lazy\" decoding=\"async\" class=\"size-full wp-image-749\" src=\"http:\/\/bodensee.land\/wp-content\/uploads\/2021\/04\/resp_see-infos.de_10-2020.jpg\" alt=\"\" width=\"800\" height=\"508\" srcset=\"http:\/\/bodensee.land\/wp-content\/uploads\/2021\/04\/resp_see-infos.de_10-2020.jpg 800w, http:\/\/bodensee.land\/wp-content\/uploads\/2021\/04\/resp_see-infos.de_10-2020-300x191.jpg 300w\" sizes=\"auto, (max-width: 800px) 100vw, 800px\" \/><figcaption id=\"caption-attachment-749\" class=\"wp-caption-text\">Screenshot See-Infos.de Bodensee Onlinezeitung<\/figcaption><\/figure>\n<h3>\u00dcber: See-Infos.de, News, Fewos &amp; Events am Bodensee<\/h3>\n<p><strong>\u00dcberblick zu Marke, Angebot und Struktur<\/strong><\/p>\n<ul>\n<li>Positionierung: See-Infos.de ist ein regional fokussiertes Online-Portal mit Nachrichten, Fotostrecken, Kulinarik, Ferienwohnungen sowie kuratierten Veranstaltungskalendern rund um den Bodensee, inkl. Subseiten f\u00fcr Singen, \u00dcberlingen, Konstanz, Meersburg, Markdorf, Friedrichshafen, Lindau, Bregenz und Rorschach\/St. Gallen.<\/li>\n<li>Inhaltsnavigation: Start, Aktuell, Bilder, Kulinarium, Ferienwohnungen, Veranstaltungen; Querverweise zu Schwesterprojekten (N-News.de) und Social-Kan\u00e4len.<\/li>\n<li>Beispiel-Teaser &amp; Aktualit\u00e4t: Themen wie WinterSeeLeuchten in Konstanz, Musical \u201eThe Bodyguard\u201c in Z\u00fcrich und Wintersaison der Feldbergbahnen unterstreichen Event- und Freizeitbezug im DACH-Raum.<\/li>\n<li>Social Reach: Facebook-Seite mit mehreren Tausend Followern (4.048 Likes, redaktionelle Kontaktmail) st\u00e4rkt Distribution und Community-Anbindung.<\/li>\n<\/ul>\n<p><strong>Inhaltscluster: Text- und Bildnahe Formate<\/strong><\/p>\n<ul>\n<li><strong>Aktuelle Nachrichten und Reportagen<\/strong>\n<ul>\n<li>Regional-DACH Fokus: Kultur- und Saisonmeldungen (z.B. Silvesterchlausen Appenzell AR), Messen (Ravensburg), Event-Ank\u00fcndigungen und Br\u00e4uche; redaktionell kuratiert, bildnah erz\u00e4hlbar.<\/li>\n<li>Bildstrecken &amp; Feature-Storys: Saisonale Highlights (Winter, Herbst-Hopping), Festspiele, Opernspielpl\u00e4ne, Stadt- und Ortsprofile; ideal f\u00fcr Slider-Galerien und Social-Snippets.<\/li>\n<\/ul>\n<\/li>\n<li><strong>Veranstaltungen und Kalender<\/strong>\n<ul>\n<li>Kalender-Hubs nach Orten: Direkte Einstiege f\u00fcr Bodenseekreis, Konstanz, Lindau, Untersee, \u00d6sterreich (Bregenz) und Schweiz (St. Gallen) \u2013 nutzerzentrierte Navigation f\u00fcr lokale Planungen.<\/li>\n<li>Event-Vertiefungen: Eigene Kalenderseiten (z. B. Meersburg) mit Verweisen auf regionale Kulturangebote, Ausstellungen und saisonale Programmstarts.<\/li>\n<li>Marktumfeld: Externe Bodensee-Eventportale bieten Eintrag- und Promotion-Funktionen; relevant f\u00fcr Partnerstrategien und Reichweitenaufbau.<\/li>\n<\/ul>\n<\/li>\n<li><strong>Ferienwohnungen und Tourismus<\/strong>\n<ul>\n<li>Fewo-Content: Kuratierte Beitr\u00e4ge zu Festivals, operativen Spielpl\u00e4nen, nachhaltigen Betrieben und saisonalen Erlebnissen; l\u00e4sst sich mit Unterkunfts-Guides verbinden.<\/li>\n<li>Touristische Orientierung: Klassische Bodensee-Info-Portale (Hotels, Fewos, Orte A\u2013Z, Verkehr, Webcams) bilden Vergleichs- und Linkumfeld f\u00fcr Service-Rubriken.<\/li>\n<li>Destination-Storys: Lokale Veranstalterseiten (z. B. Uhldingen-M\u00fchlhofen) liefern Event-Highlights und kulinarische Hooks \u2013 anschlussf\u00e4hig f\u00fcr See-Infos.de Themenpl\u00e4ne.<\/li>\n<\/ul>\n<\/li>\n<\/ul>\n<p><strong>Zielgruppen, Tonalit\u00e4t und Medienstil<\/strong><\/p>\n<ul>\n<li>Zielgruppen:\n<ul>\n<li>Reisende &amp; Familien: Saisonale Erlebnisse, Events, Unterkunftstipps.<\/li>\n<li>Kulturinteressierte: Festspiele, Oper, Ausstellungen, Brauchtum.<\/li>\n<li>Regionale Betriebe &amp; Veranstalter: Kalender-Listings, Kooperationen, Redaktionsfeatures.<\/li>\n<\/ul>\n<\/li>\n<li>Tonalit\u00e4t: Informativ, st\u00e4dte-\u00fcbergreifend im Bodenseeraum, mit DACH-Blick; kurze Teaser, bildstarke Aufmacher, klare Handlungsaufforderungen (zum Kalender, zur Buchung).<\/li>\n<li>Medienstil: Modular \u2013 Headlines + Deck, Hero-Foto, Event-Facts, Service-Boxen (Anfahrt, Tickets), Geo-Tagging; Social-ready Zitate oder Key Visuals aus Bildstrecken.<\/li>\n<\/ul>\n","protected":false},"excerpt":{"rendered":"<p>Infos unserer Schwesterseite See-Infos.de Bodensee Onlinezeitung RSS Feed Widget Voraussetzung f\u00fcr die Darstellung: Java Script ist aktiviert. Bitte benutzen Sie alternativ den Link zu www.See-Infos.de: Hier klicken! \u00dcber: See-Infos.de, News, Fewos &amp; Events am Bodensee \u00dcberblick zu Marke, Angebot und<\/p>\n","protected":false},"author":1,"featured_media":0,"parent":0,"menu_order":0,"comment_status":"closed","ping_status":"open","template":"","meta":{"footnotes":""},"class_list":["post-2","page","type-page","status-publish","hentry"],"_links":{"self":[{"href":"http:\/\/bodensee.land\/index.php?rest_route=\/wp\/v2\/pages\/2","targetHints":{"allow":["GET"]}}],"collection":[{"href":"http:\/\/bodensee.land\/index.php?rest_route=\/wp\/v2\/pages"}],"about":[{"href":"http:\/\/bodensee.land\/index.php?rest_route=\/wp\/v2\/types\/page"}],"author":[{"embeddable":true,"href":"http:\/\/bodensee.land\/index.php?rest_route=\/wp\/v2\/users\/1"}],"replies":[{"embeddable":true,"href":"http:\/\/bodensee.land\/index.php?rest_route=%2Fwp%2Fv2%2Fcomments&post=2"}],"version-history":[{"count":11,"href":"http:\/\/bodensee.land\/index.php?rest_route=\/wp\/v2\/pages\/2\/revisions"}],"predecessor-version":[{"id":1289,"href":"http:\/\/bodensee.land\/index.php?rest_route=\/wp\/v2\/pages\/2\/revisions\/1289"}],"wp:attachment":[{"href":"http:\/\/bodensee.land\/index.php?rest_route=%2Fwp%2Fv2%2Fmedia&parent=2"}],"curies":[{"name":"wp","href":"https:\/\/api.w.org\/{rel}","templated":true}]}}