{"id":14,"date":"2023-03-24T18:34:14","date_gmt":"2023-03-24T17:34:14","guid":{"rendered":"http:\/\/bodensee.land\/?page_id=14"},"modified":"2025-12-13T19:44:11","modified_gmt":"2025-12-13T18:44:11","slug":"neues-bei-n-news","status":"publish","type":"page","link":"http:\/\/bodensee.land\/?page_id=14","title":{"rendered":"Neues | N-News.de (Stuttgarter Onlinezeitung)"},"content":{"rendered":"<h3>Infos unserer Schwesterseite N-News.de Stuttgarter Onlinezeitung<\/h3>\n<p><!-- start feedwind code --><script type=\"text\/javascript\">document.write('\\x3Cscript type=\"text\/javascript\" src=\"' + ('https:' == document.location.protocol ? 'https:\/\/' : 'http:\/\/') + 'feed.mikle.com\/js\/rssmikle.js\">\\x3C\/script>');<\/script><script type=\"text\/javascript\">(function() {var params = {rssmikle_url: \"http:\/\/www.n-news.de\/?feed=rss2\",rssmikle_frame_width: \"750\",rssmikle_frame_height: \"400\",frame_height_by_article: \"5\",rssmikle_target: \"_blank\",rssmikle_font: \"Arial, Helvetica, sans-serif\",rssmikle_font_size: \"12\",rssmikle_border: \"off\",responsive: \"off\",rssmikle_css_url: \"\",text_align: \"left\",text_align2: \"left\",corner: \"off\",scrollbar: \"on\",autoscroll: \"off\",scrolldirection: \"up\",scrollstep: \"3\",mcspeed: \"20\",sort: \"Off\",rssmikle_title: \"on\",rssmikle_title_sentence: \"N-News.de | Verlagsunabh\u00e4ngige Stuttgarter Onlinezeitung.\",rssmikle_title_link: \"http:\/\/www.n-news.de\",rssmikle_title_bgcolor: \"#000000\",rssmikle_title_color: \"#FFFFFF\",rssmikle_title_bgimage: \"\",rssmikle_item_bgcolor: \"#FFFFFF\",rssmikle_item_bgimage: \"\",rssmikle_item_title_length: \"75\",rssmikle_item_title_color: \"#000000\",rssmikle_item_border_bottom: \"on\",rssmikle_item_description: \"on\",item_link: \"on\",rssmikle_item_description_length: \"700\",rssmikle_item_description_color: \"#666666\",rssmikle_item_date: \"gl1\",rssmikle_timezone: \"Etc\/GMT\",datetime_format: \"%e.%m.%Y %k:%M\",item_description_style: \"text+tn\",item_thumbnail: \"full\",item_thumbnail_selection: \"auto\",article_num: \"15\",rssmikle_item_podcast: \"off\",keyword_inc: \"\",keyword_exc: \"\"};feedwind_show_widget_iframe(params);})();<\/script><\/p>\n<div style=\"font-size: 10px; text-align: center; width: 780px;\"><a style=\"color: #cccccc;\" href=\"http:\/\/feed.mikle.com\/\" target=\"_blank\" rel=\"noopener noreferrer\">RSS Feed Widget<\/a><!--Please display the above link in your web page according to Terms of Service.--><\/div>\n<p><!-- end feedwind code --><\/p>\n<p>Voraussetzung f\u00fcr die Darstellung: Java Script ist aktiviert. Bitte benutzen Sie alternativ den Link zu www.N-News.de: <a href=\"https:\/\/www.n-news.de\" target=\"_blank\" rel=\"noopener noreferrer\">Hier klicken!<\/a><\/p>\n<figure id=\"attachment_752\" aria-describedby=\"caption-attachment-752\" style=\"width: 800px\" class=\"wp-caption alignleft\"><img loading=\"lazy\" decoding=\"async\" class=\"size-full wp-image-752\" src=\"http:\/\/bodensee.land\/wp-content\/uploads\/2021\/04\/resp_n-news.de_10-2020.jpg\" alt=\"\" width=\"800\" height=\"502\" srcset=\"http:\/\/bodensee.land\/wp-content\/uploads\/2021\/04\/resp_n-news.de_10-2020.jpg 800w, http:\/\/bodensee.land\/wp-content\/uploads\/2021\/04\/resp_n-news.de_10-2020-300x188.jpg 300w\" sizes=\"auto, (max-width: 800px) 100vw, 800px\" \/><figcaption id=\"caption-attachment-752\" class=\"wp-caption-text\">Screenshot N-News.de Stuttgarter Onlinezeitung<\/figcaption><\/figure>\n<h3>\u00dcber: N-News.de, die Stuttgarter Onlinezeitung<\/h3>\n<p><strong>\u00dcberblick<\/strong><br \/>\nN-News.de ist eine verlagsunabh\u00e4ngige Online-Zeitung f\u00fcr Stuttgart mit starkem regionalen Fokus und kontinuierlich aktualisierten Inhalten. Sie verzichtet bewusst auf Print, ist kostenlos zug\u00e4nglich und positioniert sich als digitale Nachrichtenquelle f\u00fcr die Region Stuttgart.<\/p>\n<p><strong>Geschichte und Profil<\/strong><\/p>\n<ul>\n<li>Gr\u00fcndung und Entwicklung: N-News.de entstand Ende der 1990er Jahre als Projekt der s-gruppe und z\u00e4hlt zu den fr\u00fchen rein digitalen Zeitungen in Deutschland. Die Plattform wurde als Nachfolger eines Stuttgarter Stadtteilnetzes Anfang 1998 gegr\u00fcndet.<\/li>\n<li>Meilenstein und Jubil\u00e4um: 2023 feierte N-News.de sein 25-j\u00e4hriges Jubil\u00e4um mit Gewinnspielen in Kooperation mit Partnern.<\/li>\n<li>Unabh\u00e4ngigkeit und Zugang: Die Redaktion arbeitet verlagsunabh\u00e4ngig, publiziert ausschlie\u00dflich online und bietet Inhalte kostenlos an. Es gibt keine gedruckten Ausgaben; Leser werden zur Favoriten-Speicherung als \u201eAbo\u201c ermutigt.<\/li>\n<li>Aktualit\u00e4t: Die Redaktion betont eine Rund-um-die-Uhr-Aktualisierung und verweist auf \u00fcber 2.000 online verf\u00fcgbare Artikel.<\/li>\n<\/ul>\n<p>Hinweis: Auch externe Branchenprofile f\u00fchren N-News.de als Online-Zeitung f\u00fcr Stuttgart und betonen die kostenlose, rein digitale Ausrichtung sowie den Start \u201eseit 1998\u201c.<\/p>\n<p><strong>Inhalte, Rubriken und regionale Verankerung<\/strong><\/p>\n<ul>\n<li>Content-Cluster Textnah:\n<ul>\n<li>Aktuell &amp; Newsrubriken: Laufende Nachrichten mit regionalem Schwerpunkt, u. a. Kultur, Veranstaltungen, Stadtleben und Themen aus der Region.<\/li>\n<li>Rubrikenvielfalt: Ausflugstipps, Buchtipps, \u201eIn der Region\u201c, \u201eIn Stuttgart\u201c, Veranstaltungstipps; erg\u00e4nzt durch thematische Bereiche wie Auto, Computer, Kino, Kunst, Reise und Bodensee-Content.<\/li>\n<li>Service &amp; Orientierung: Wegweiser Stuttgart, Promotion-Tipps, Mediadaten\/\u201eIhre Werbung bei N-News.de\u201c, Impressum und Kontakt.<\/li>\n<\/ul>\n<\/li>\n<\/ul>\n<ul>\n<li>Content-Cluster Bildnah (visuell orientierte Themenideen):\n<ul>\n<li>Regionale Kultur-Highlights: Berichte zur Mercedes-Benz Art Collection im Mercedes-Benz Museum (\u201eNow on View\u201c, Ausstellungszeitraum 11\/2025 bis Herbst 2027) \u2013 visuell reich, ideal f\u00fcr Bildstrecken mit Museumsarchitektur und Exponaten.<\/li>\n<li>Event-Fotografie: \u201eChristmas Garden Stuttgart\u201c in der Wilhelma \u2013 stimmungsvolle Nachtaufnahmen, Lichtinstallationen, Besucherimpressionen als Bildgalerien.<\/li>\n<li>Foto-Projekte: Eigenes Foto-Projekt \u201eDark Contrasts\u201c als kuratierbares Thema mit starken Schwarz-Wei\u00df-Kontrasten.<\/li>\n<\/ul>\n<\/li>\n<\/ul>\n<p><strong>Redaktion, Kontakt und Unternehmensrahmen<\/strong><\/p>\n<ul>\n<li>Redaktion und Anschrift (externe Branchendaten): N-News.de Ltd. i.Gr., Redaktion Stuttgart, z. Hd. Herrn Martin Schechler, Schopenhauerstr. 41B, 70565 Stuttgart; mit publizierter Web- und Telefonreferenz in Branchenverzeichnissen.<\/li>\n<li>Selbstbeschreibung: Verlagsunabh\u00e4ngige, rein digitale Zeitung mit permanenter News-Aktualisierung; keine Printausgaben, kostenlose Nutzung.<\/li>\n<li>Weitere Pr\u00e4senzen: Verweis auf \u201eMehr von uns\u201c und die s-gruppe als Ursprungsprojekt; interne Seiten wie Mediadaten und \u201eN-News.de in den Medien\u201c deuten auf Werbem\u00f6glichkeiten und Medienresonanz hin.<\/li>\n<\/ul>\n<p><strong>Marktumfeld und Einordnung<\/strong><\/p>\n<ul>\n<li>Regionale Vergleichsfolie: Die Stuttgarter Zeitung (StZ) ist eine etablierte Tageszeitung mit t\u00e4glicher Erscheinungsweise, gro\u00dfer regionaler Reichweite und \u00fcberregionalem Anspruch. Sie bedient Stuttgart und die Region mit 2,8 Mio. Einwohnern und hat eine IVW-registrierte Auflage; damit steht sie f\u00fcr den klassischen Print- und Online-Doppelauftritt einer Regionalzeitung.<\/li>\n<li>Einordnung von N-News.de: N-News.de besetzt eine digitale Nische mit regionaler Tiefe, agiert ohne Print-Distribution und fokussiert auf zug\u00e4ngliche, visuell anschlussf\u00e4hige Inhalte und Event-\/Freizeitn\u00e4he. Dadurch erg\u00e4nzt es das regionale Medien\u00f6kosystem mit einem spezifischen Online-only Profil.<\/li>\n<\/ul>\n","protected":false},"excerpt":{"rendered":"<p>Infos unserer Schwesterseite N-News.de Stuttgarter Onlinezeitung RSS Feed Widget Voraussetzung f\u00fcr die Darstellung: Java Script ist aktiviert. Bitte benutzen Sie alternativ den Link zu www.N-News.de: Hier klicken! \u00dcber: N-News.de, die Stuttgarter Onlinezeitung \u00dcberblick N-News.de ist eine verlagsunabh\u00e4ngige Online-Zeitung f\u00fcr Stuttgart<\/p>\n","protected":false},"author":1,"featured_media":0,"parent":0,"menu_order":1,"comment_status":"closed","ping_status":"closed","template":"","meta":{"footnotes":""},"class_list":["post-14","page","type-page","status-publish","hentry"],"_links":{"self":[{"href":"http:\/\/bodensee.land\/index.php?rest_route=\/wp\/v2\/pages\/14","targetHints":{"allow":["GET"]}}],"collection":[{"href":"http:\/\/bodensee.land\/index.php?rest_route=\/wp\/v2\/pages"}],"about":[{"href":"http:\/\/bodensee.land\/index.php?rest_route=\/wp\/v2\/types\/page"}],"author":[{"embeddable":true,"href":"http:\/\/bodensee.land\/index.php?rest_route=\/wp\/v2\/users\/1"}],"replies":[{"embeddable":true,"href":"http:\/\/bodensee.land\/index.php?rest_route=%2Fwp%2Fv2%2Fcomments&post=14"}],"version-history":[{"count":14,"href":"http:\/\/bodensee.land\/index.php?rest_route=\/wp\/v2\/pages\/14\/revisions"}],"predecessor-version":[{"id":1290,"href":"http:\/\/bodensee.land\/index.php?rest_route=\/wp\/v2\/pages\/14\/revisions\/1290"}],"wp:attachment":[{"href":"http:\/\/bodensee.land\/index.php?rest_route=%2Fwp%2Fv2%2Fmedia&parent=14"}],"curies":[{"name":"wp","href":"https:\/\/api.w.org\/{rel}","templated":true}]}}